{"id":3996,"date":"2023-12-21T16:56:41","date_gmt":"2023-12-21T15:56:41","guid":{"rendered":"https:\/\/www.amicsdecanruti.org\/quienes-somos\/hazte-amigo\/iniciativa-solidaria\/"},"modified":"2023-12-22T12:14:55","modified_gmt":"2023-12-22T11:14:55","slug":"iniciativa-solidaria","status":"publish","type":"page","link":"https:\/\/www.amicsdecanruti.org\/es\/colabora\/iniciativa-solidaria\/","title":{"rendered":"Crea tu iniciativa solidaria"},"content":{"rendered":"\n<p><br>Con cada grano de arena, podemos llegar m\u00e1s lejos. Una forma de colaborar con Amics de&nbsp;Can&nbsp;Ruti&nbsp;es creando una iniciativa solidaria para que m\u00e1s personas se unan, conozcan la causa y recaudar juntos fondos para la investigaci\u00f3n y el bienestar de nuestros pacientes.<\/p>\n\n\n\n<p><br><strong>\u00bfC\u00f3mo?<\/strong><\/p>\n\n\n\n<p><br>Puedes convertir una fiesta de cumplea\u00f1os, un casamiento, un concierto, una obra de teatro, una carrera, una cena, la venta de un producto y mucho m\u00e1s en una campa\u00f1a solidaria.<\/p>\n\n\n\n<p>Piensa que acci\u00f3n te gustar\u00eda realizar. <a href=\"https:\/\/iniciativasolidaria.amicsdecanruti.org\/\">Accede a este enlace <\/a>y comienza a configurar tu iniciativa solidaria. Si tienes cualquier duda durante el proceso, puedes escribirnos a <a href=\"mailto:amicsdecanruti@igtp.cat\">amicsdecanruti@igtp.cat<\/a> y te ayudaremos.<\/p>\n\n\n\n<p><\/p>\n\n\n\n<div class=\"wp-block-buttons is-layout-flex wp-block-buttons-is-layout-flex\">\n<div class=\"wp-block-button\"><a class=\"wp-block-button__link\" href=\"https:\/\/iniciativasolidaria.amicsdecanruti.org\/\">Crea tu iniciativa solidaria<\/a><\/div>\n<\/div>\n","protected":false},"excerpt":{"rendered":"<p>Transforma una fiesta de cumplea\u00f1os, un concierto, una carrera, una cena en solidaria y colabora con la investigaci\u00f3n y asistencia m\u00e9dica.<\/p>\n","protected":false},"author":2,"featured_media":3984,"parent":456,"menu_order":4,"comment_status":"closed","ping_status":"closed","template":"","meta":{"_acf_changed":false,"footnotes":""},"class_list":["post-3996","page","type-page","status-publish","has-post-thumbnail","hentry"],"acf":[],"_links":{"self":[{"href":"https:\/\/www.amicsdecanruti.org\/es\/wp-json\/wp\/v2\/pages\/3996","targetHints":{"allow":["GET"]}}],"collection":[{"href":"https:\/\/www.amicsdecanruti.org\/es\/wp-json\/wp\/v2\/pages"}],"about":[{"href":"https:\/\/www.amicsdecanruti.org\/es\/wp-json\/wp\/v2\/types\/page"}],"author":[{"embeddable":true,"href":"https:\/\/www.amicsdecanruti.org\/es\/wp-json\/wp\/v2\/users\/2"}],"replies":[{"embeddable":true,"href":"https:\/\/www.amicsdecanruti.org\/es\/wp-json\/wp\/v2\/comments?post=3996"}],"version-history":[{"count":3,"href":"https:\/\/www.amicsdecanruti.org\/es\/wp-json\/wp\/v2\/pages\/3996\/revisions"}],"predecessor-version":[{"id":4004,"href":"https:\/\/www.amicsdecanruti.org\/es\/wp-json\/wp\/v2\/pages\/3996\/revisions\/4004"}],"up":[{"embeddable":true,"href":"https:\/\/www.amicsdecanruti.org\/es\/wp-json\/wp\/v2\/pages\/456"}],"wp:featuredmedia":[{"embeddable":true,"href":"https:\/\/www.amicsdecanruti.org\/es\/wp-json\/wp\/v2\/media\/3984"}],"wp:attachment":[{"href":"https:\/\/www.amicsdecanruti.org\/es\/wp-json\/wp\/v2\/media?parent=3996"}],"curies":[{"name":"wp","href":"https:\/\/api.w.org\/{rel}","templated":true}]}}