{"id":456,"date":"2021-01-11T12:19:02","date_gmt":"2021-01-11T11:19:02","guid":{"rendered":"http:\/\/s804652872.mialojamiento.es\/wordpress\/fes-te-amic\/"},"modified":"2026-02-26T09:46:31","modified_gmt":"2026-02-26T08:46:31","slug":"colabora","status":"publish","type":"page","link":"https:\/\/www.amicsdecanruti.org\/es\/colabora\/","title":{"rendered":"Colabora con Amics de Can Ruti"},"content":{"rendered":"\n<div class=\"wp-block-media-text alignwide is-stacked-on-mobile\" id=\"hazte-amigo\"><figure class=\"wp-block-media-text__media\"><img loading=\"lazy\" decoding=\"async\" width=\"300\" height=\"187\" src=\"https:\/\/www.amicsdecanruti.org\/wordpress\/wp-content\/uploads\/laboratori6-300x187.jpg\" alt=\"\" class=\"wp-image-608 size-medium\" srcset=\"https:\/\/www.amicsdecanruti.org\/wordpress\/wp-content\/uploads\/laboratori6-300x187.jpg 300w, https:\/\/www.amicsdecanruti.org\/wordpress\/wp-content\/uploads\/laboratori6-1200x749.jpg 1200w, https:\/\/www.amicsdecanruti.org\/wordpress\/wp-content\/uploads\/laboratori6-768x480.jpg 768w, https:\/\/www.amicsdecanruti.org\/wordpress\/wp-content\/uploads\/laboratori6-1536x959.jpg 1536w, https:\/\/www.amicsdecanruti.org\/wordpress\/wp-content\/uploads\/laboratori6-2048x1279.jpg 2048w\" sizes=\"auto, (max-width: 300px) 100vw, 300px\" \/><\/figure><div class=\"wp-block-media-text__content\">\n<h2 class=\"wp-block-heading\"><strong>Hazte Amigo de Can Ruti<\/strong><\/h2>\n\n\n\n<p>Ser amigo de Can Ruti es un compromiso con la investigaci\u00f3n y asistencia m\u00e9dica. Tu aportaci\u00f3n peri\u00f3dica nos permite garantizar la continuidad de nuestros proyectos y la creaci\u00f3n de nuevos. T\u00fa decides la cantidad, nosotros la haremos grande por peque\u00f1a que a ti te parezca.<\/p>\n\n\n\n<div class=\"wp-block-buttons is-layout-flex wp-block-buttons-is-layout-flex\">\n<div class=\"wp-block-button\"><a class=\"wp-block-button__link wp-element-button\" href=\"https:\/\/www.amicsdecanruti.org\/es\/quienes-somos\/hazte-amigo\/unete-a-amics-de-can-ruti\/\">Quiero ser amigo<\/a><\/div>\n<\/div>\n<\/div><\/div>\n\n\n\n<div class=\"wp-block-media-text alignwide has-media-on-the-right is-stacked-on-mobile\" id=\"dona-proyectos\"><div class=\"wp-block-media-text__content\">\n<h2 class=\"wp-block-heading\"><strong>Dona a proyectos<\/strong><\/h2>\n\n\n\n<p>Haz una donaci\u00f3n a proyectos de investigaci\u00f3n o de asistencia hospitalaria. Tu ayuda nos permitir\u00e1 investigar en enfermedades y mejorar la experiencia de los pacientes en el Hospital. \u00bfConoces todos nuestros proyectos?<\/p>\n\n\n\n<div class=\"wp-block-buttons is-layout-flex wp-block-buttons-is-layout-flex\">\n<div class=\"wp-block-button\"><a class=\"wp-block-button__link wp-element-button\" href=\"\/es\/proyectos\">Quiero donar<\/a><\/div>\n<\/div>\n<\/div><figure class=\"wp-block-media-text__media\"><img loading=\"lazy\" decoding=\"async\" width=\"300\" height=\"200\" src=\"https:\/\/www.amicsdecanruti.org\/wordpress\/wp-content\/uploads\/laboratori4-300x200.jpg\" alt=\"\" class=\"wp-image-604 size-medium\" srcset=\"https:\/\/www.amicsdecanruti.org\/wordpress\/wp-content\/uploads\/laboratori4-300x200.jpg 300w, https:\/\/www.amicsdecanruti.org\/wordpress\/wp-content\/uploads\/laboratori4-1200x800.jpg 1200w, https:\/\/www.amicsdecanruti.org\/wordpress\/wp-content\/uploads\/laboratori4-768x512.jpg 768w, https:\/\/www.amicsdecanruti.org\/wordpress\/wp-content\/uploads\/laboratori4-1536x1024.jpg 1536w, https:\/\/www.amicsdecanruti.org\/wordpress\/wp-content\/uploads\/laboratori4-2048x1365.jpg 2048w\" sizes=\"auto, (max-width: 300px) 100vw, 300px\" \/><\/figure><\/div>\n\n\n\n<div class=\"wp-block-media-text alignwide is-stacked-on-mobile\" id=\"iniciativa-solidaria\"><figure class=\"wp-block-media-text__media\"><img loading=\"lazy\" decoding=\"async\" width=\"459\" height=\"306\" src=\"https:\/\/www.amicsdecanruti.org\/wordpress\/wp-content\/uploads\/P2P_colabora.jpg\" alt=\"\" class=\"wp-image-6155 size-medium\" srcset=\"https:\/\/www.amicsdecanruti.org\/wordpress\/wp-content\/uploads\/P2P_colabora.jpg 459w, https:\/\/www.amicsdecanruti.org\/wordpress\/wp-content\/uploads\/P2P_colabora-300x200.jpg 300w\" sizes=\"auto, (max-width: 459px) 100vw, 459px\" \/><\/figure><div class=\"wp-block-media-text__content\">\n<h2 class=\"wp-block-heading\"><strong>Crea tu iniciativa solidaria<\/strong><\/h2>\n\n\n\n<p>Transforma una fiesta de cumplea\u00f1os, un concierto, una carrera o una cena en solidaria y colabora con la investigaci\u00f3n y asistencia m\u00e9dica. T\u00fa eliges el destino de la recaudaci\u00f3n de tu iniciativa.<\/p>\n\n\n\n<div class=\"wp-block-buttons is-layout-flex wp-block-buttons-is-layout-flex\">\n<div class=\"wp-block-button\"><a class=\"wp-block-button__link wp-element-button\" href=\"https:\/\/www.amicsdecanruti.org\/es\/quienes-somos\/hazte-amigo\/iniciativa-solidaria\/\">Quiero crear una iniciativa<\/a><\/div>\n<\/div>\n<\/div><\/div>\n\n\n\n<div class=\"wp-block-group\"><div class=\"wp-block-group__inner-container is-layout-flow wp-block-group-is-layout-flow\">\n<div class=\"wp-block-media-text alignwide has-media-on-the-right is-stacked-on-mobile\" id=\"dona-tiempo\"><div class=\"wp-block-media-text__content\">\n<h2 class=\"wp-block-heading\"><strong><strong>Dona tu tiempo<\/strong><\/strong><\/h2>\n\n\n\n<p>Forma parte de la familia de Amics de Can Ruti como voluntario. Puedes dedicar tu tiempo a acompa\u00f1ar a los pacientes y familiares durante su estad\u00eda a Can Ruti. Una colaboraci\u00f3n que nos ayuda a ofrecer una asistencia m\u00e1s humana.<\/p>\n\n\n\n<div class=\"wp-block-buttons is-layout-flex wp-block-buttons-is-layout-flex\">\n<div class=\"wp-block-button\"><a class=\"wp-block-button__link wp-element-button\" href=\"https:\/\/www.amicsdecanruti.org\/es\/quienes-somos\/hazte-amigo\/voluntariado\/\">Quiero ser voluntario<\/a><\/div>\n<\/div>\n<\/div><figure class=\"wp-block-media-text__media\"><img loading=\"lazy\" decoding=\"async\" width=\"1200\" height=\"800\" src=\"https:\/\/www.amicsdecanruti.org\/wordpress\/wp-content\/uploads\/Dona-el-teu-temps-1200x800.jpg\" alt=\"Metgessa atenent un nen a la consulta\" class=\"wp-image-741 size-medium\" srcset=\"https:\/\/www.amicsdecanruti.org\/wordpress\/wp-content\/uploads\/Dona-el-teu-temps-1200x800.jpg 1200w, https:\/\/www.amicsdecanruti.org\/wordpress\/wp-content\/uploads\/Dona-el-teu-temps-300x200.jpg 300w, https:\/\/www.amicsdecanruti.org\/wordpress\/wp-content\/uploads\/Dona-el-teu-temps-768x512.jpg 768w, https:\/\/www.amicsdecanruti.org\/wordpress\/wp-content\/uploads\/Dona-el-teu-temps-1536x1024.jpg 1536w, https:\/\/www.amicsdecanruti.org\/wordpress\/wp-content\/uploads\/Dona-el-teu-temps-2048x1365.jpg 2048w\" sizes=\"auto, (max-width: 1200px) 100vw, 1200px\" \/><\/figure><\/div>\n\n\n\n<div class=\"wp-block-media-text alignwide is-stacked-on-mobile\" id=\"dona-legado-solidario\"><figure class=\"wp-block-media-text__media\"><img loading=\"lazy\" decoding=\"async\" width=\"1200\" height=\"800\" src=\"https:\/\/www.amicsdecanruti.org\/wordpress\/wp-content\/uploads\/Llegat-solidari-1200x800.jpg\" alt=\"Infermeres amb un nad\u00f3\" class=\"wp-image-743 size-medium\" srcset=\"https:\/\/www.amicsdecanruti.org\/wordpress\/wp-content\/uploads\/Llegat-solidari-1200x800.jpg 1200w, https:\/\/www.amicsdecanruti.org\/wordpress\/wp-content\/uploads\/Llegat-solidari-300x200.jpg 300w, https:\/\/www.amicsdecanruti.org\/wordpress\/wp-content\/uploads\/Llegat-solidari-768x512.jpg 768w, https:\/\/www.amicsdecanruti.org\/wordpress\/wp-content\/uploads\/Llegat-solidari-1536x1024.jpg 1536w, https:\/\/www.amicsdecanruti.org\/wordpress\/wp-content\/uploads\/Llegat-solidari-2048x1365.jpg 2048w\" sizes=\"auto, (max-width: 1200px) 100vw, 1200px\" \/><\/figure><div class=\"wp-block-media-text__content\">\n<h2 class=\"wp-block-heading\"><strong>Dona tu legado solidario<\/strong><\/h2>\n\n\n\n<p>Tu herencia o legado social se convierte en una contribuci\u00f3n vital al futuro de la investigaci\u00f3n y la salud de nuestra comunidad. Apoyar j\u00f3venes investigadores.<\/p>\n\n\n\n<div class=\"wp-block-buttons is-layout-flex wp-block-buttons-is-layout-flex\">\n<div class=\"wp-block-button\"><a class=\"wp-block-button__link wp-element-button\" href=\"https:\/\/www.amicsdecanruti.org\/es\/quienes-somos\/hazte-amigo\/herencias-y-legados-solidarios\/\">Conoce como puedes dejar tu huella solidaria<\/a><\/div>\n<\/div>\n<\/div><\/div>\n\n\n\n<div class=\"wp-block-media-text alignwide has-media-on-the-right is-stacked-on-mobile\" id=\"dona-sangre\"><div class=\"wp-block-media-text__content\">\n<h2 class=\"wp-block-heading\"><strong>Dona sangre<\/strong><\/h2>\n\n\n\n<p>Tu donaci\u00f3n de sangre, plasma y\/o plaquetas significa una ayuda enome para diversos tratamientos e intervenciones quir\u00farjicas que llevamos a cabo todos los d\u00edas en nuestro hospital.<\/p>\n\n\n\n<div class=\"wp-block-buttons is-layout-flex wp-block-buttons-is-layout-flex\">\n<div class=\"wp-block-button\"><a class=\"wp-block-button__link wp-element-button\" href=\"https:\/\/donarsang.gencat.cat\/es\/hospitales\/4\/germans-trias-i-pujol\" target=\"_blank\" rel=\"noreferrer noopener\">Ap\u00fantate<\/a><\/div>\n<\/div>\n<\/div><figure class=\"wp-block-media-text__media\"><img loading=\"lazy\" decoding=\"async\" width=\"612\" height=\"408\" src=\"https:\/\/www.amicsdecanruti.org\/wordpress\/wp-content\/uploads\/Donar_Sang.jpeg\" alt=\"Sala de donacions de sang\" class=\"wp-image-739 size-medium\" srcset=\"https:\/\/www.amicsdecanruti.org\/wordpress\/wp-content\/uploads\/Donar_Sang.jpeg 612w, https:\/\/www.amicsdecanruti.org\/wordpress\/wp-content\/uploads\/Donar_Sang-300x200.jpeg 300w\" sizes=\"auto, (max-width: 612px) 100vw, 612px\" \/><\/figure><\/div>\n\n\n\n<div class=\"wp-block-media-text alignwide is-stacked-on-mobile\" id=\"empresas-amigas\"><figure class=\"wp-block-media-text__media\"><img loading=\"lazy\" decoding=\"async\" width=\"1200\" height=\"675\" src=\"https:\/\/www.amicsdecanruti.org\/wordpress\/wp-content\/uploads\/Menarini_1_web.jpg\" alt=\"\" class=\"wp-image-4780 size-medium\" srcset=\"https:\/\/www.amicsdecanruti.org\/wordpress\/wp-content\/uploads\/Menarini_1_web.jpg 1200w, https:\/\/www.amicsdecanruti.org\/wordpress\/wp-content\/uploads\/Menarini_1_web-300x169.jpg 300w, https:\/\/www.amicsdecanruti.org\/wordpress\/wp-content\/uploads\/Menarini_1_web-768x432.jpg 768w\" sizes=\"auto, (max-width: 1200px) 100vw, 1200px\" \/><\/figure><div class=\"wp-block-media-text__content\">\n<h2 class=\"wp-block-heading\"><strong>Empresas amigas<\/strong><\/h2>\n\n\n\n<p>Tejer alianzas con empresas nos ayuda a hacer realidad muchos proyectos, mejorar la asistencia y donar continuidad a programas cient\u00edficos. Nos unimos con entidades responsables que compartan nuestros valores y comprometidas a generar cambios positivos en nuestra sociedad.<\/p>\n\n\n\n<div class=\"wp-block-buttons is-layout-flex wp-block-buttons-is-layout-flex\">\n<div class=\"wp-block-button\"><a class=\"wp-block-button__link wp-element-button\" href=\"https:\/\/www.amicsdecanruti.org\/es\/quienes-somos\/empresas-amigas\/\">Descubre como nos puedes ayudar<\/a><\/div>\n<\/div>\n<\/div><\/div>\n<\/div><\/div>\n\n\n\n<p>* Todas las donaciones se pueden deducir fiscalmente, nosotros haremos la gesti\u00f3n para obtener los certificados necesarios. <a href=\"https:\/\/www.amicsdecanruti.org\/es\/quienes-somos\/ventajas-fiscales\/\" data-type=\"page\" data-id=\"468\">Descubre los beneficios fiscales<\/a> que obtienes por ayudarnos.<\/p>\n","protected":false},"excerpt":{"rendered":"<p>\u00a1Descubre como nos puedes ayudar!<\/p>\n<p>El Campus Can Ruti es espacio dedicado al cuidado y mejora de la salud. Te invitamos a formar parte de este gran proyecto, abierto a todos. Tu colaboraci\u00f3n, por peque\u00f1a que parezca, es importante para nosotros.<\/p>\n<p>Puedes ayudarnos de muchas maneras: econ\u00f3micamente, donando tu tiempo o difundiendo para llegar a m\u00e1s gente. Nos puedes ayudar mucho m\u00e1s de lo que piensas.<\/p>\n","protected":false},"author":1,"featured_media":6162,"parent":0,"menu_order":0,"comment_status":"closed","ping_status":"closed","template":"template-caixetes.php","meta":{"_acf_changed":false,"footnotes":""},"class_list":["post-456","page","type-page","status-publish","has-post-thumbnail","hentry"],"acf":[],"_links":{"self":[{"href":"https:\/\/www.amicsdecanruti.org\/es\/wp-json\/wp\/v2\/pages\/456","targetHints":{"allow":["GET"]}}],"collection":[{"href":"https:\/\/www.amicsdecanruti.org\/es\/wp-json\/wp\/v2\/pages"}],"about":[{"href":"https:\/\/www.amicsdecanruti.org\/es\/wp-json\/wp\/v2\/types\/page"}],"author":[{"embeddable":true,"href":"https:\/\/www.amicsdecanruti.org\/es\/wp-json\/wp\/v2\/users\/1"}],"replies":[{"embeddable":true,"href":"https:\/\/www.amicsdecanruti.org\/es\/wp-json\/wp\/v2\/comments?post=456"}],"version-history":[{"count":16,"href":"https:\/\/www.amicsdecanruti.org\/es\/wp-json\/wp\/v2\/pages\/456\/revisions"}],"predecessor-version":[{"id":6485,"href":"https:\/\/www.amicsdecanruti.org\/es\/wp-json\/wp\/v2\/pages\/456\/revisions\/6485"}],"wp:featuredmedia":[{"embeddable":true,"href":"https:\/\/www.amicsdecanruti.org\/es\/wp-json\/wp\/v2\/media\/6162"}],"wp:attachment":[{"href":"https:\/\/www.amicsdecanruti.org\/es\/wp-json\/wp\/v2\/media?parent=456"}],"curies":[{"name":"wp","href":"https:\/\/api.w.org\/{rel}","templated":true}]}}