{"id":460,"date":"2021-01-11T12:14:11","date_gmt":"2021-01-11T11:14:11","guid":{"rendered":"http:\/\/s804652872.mialojamiento.es\/wordpress\/presentacio\/"},"modified":"2021-06-07T18:46:23","modified_gmt":"2021-06-07T16:46:23","slug":"quienes-somos","status":"publish","type":"page","link":"https:\/\/www.amicsdecanruti.org\/es\/quienes-somos\/","title":{"rendered":"Qui\u00e9nes somos"},"content":{"rendered":"\n<div class=\"wp-block-media-text alignwide is-stacked-on-mobile is-vertically-aligned-top\"><figure class=\"wp-block-media-text__media\"><img loading=\"lazy\" decoding=\"async\" width=\"300\" height=\"200\" src=\"https:\/\/www.amicsdecanruti.org\/wordpress\/wp-content\/uploads\/hospital_germans_trias_pujol_5-300x200.jpg\" alt=\"\" class=\"wp-image-589 size-medium\" srcset=\"https:\/\/www.amicsdecanruti.org\/wordpress\/wp-content\/uploads\/hospital_germans_trias_pujol_5-300x200.jpg 300w, https:\/\/www.amicsdecanruti.org\/wordpress\/wp-content\/uploads\/hospital_germans_trias_pujol_5-1200x800.jpg 1200w, https:\/\/www.amicsdecanruti.org\/wordpress\/wp-content\/uploads\/hospital_germans_trias_pujol_5-768x512.jpg 768w, https:\/\/www.amicsdecanruti.org\/wordpress\/wp-content\/uploads\/hospital_germans_trias_pujol_5-1536x1024.jpg 1536w, https:\/\/www.amicsdecanruti.org\/wordpress\/wp-content\/uploads\/hospital_germans_trias_pujol_5-2048x1365.jpg 2048w\" sizes=\"auto, (max-width: 300px) 100vw, 300px\" \/><\/figure><div class=\"wp-block-media-text__content\">\n<p>Desde el espacio del Campus Can Ruti, entidades y profesionales de reconocido prestigio suman esfuerzos para hacer posible m\u00faltiples proyectos y cuidar el bienestar de las personas.<\/p>\n\n\n\n<div class=\"wp-block-buttons is-layout-flex wp-block-buttons-is-layout-flex\">\n<div class=\"wp-block-button\"><a class=\"wp-block-button__link\" href=\"https:\/\/www.amicsdecanruti.org\/es\/quienes-somos\/campus-e-instituciones\/\">Conoce el Campus Can Ruti<\/a><\/div>\n<\/div>\n<\/div><\/div>\n\n\n\n<div class=\"wp-block-media-text alignwide has-media-on-the-right is-stacked-on-mobile is-vertically-aligned-top\"><figure class=\"wp-block-media-text__media\"><img loading=\"lazy\" decoding=\"async\" width=\"300\" height=\"200\" src=\"https:\/\/www.amicsdecanruti.org\/wordpress\/wp-content\/uploads\/hospital_germans_trias_pujol_2-300x200.jpg\" alt=\"\" class=\"wp-image-583 size-medium\" srcset=\"https:\/\/www.amicsdecanruti.org\/wordpress\/wp-content\/uploads\/hospital_germans_trias_pujol_2-300x200.jpg 300w, https:\/\/www.amicsdecanruti.org\/wordpress\/wp-content\/uploads\/hospital_germans_trias_pujol_2-1200x800.jpg 1200w, https:\/\/www.amicsdecanruti.org\/wordpress\/wp-content\/uploads\/hospital_germans_trias_pujol_2-768x512.jpg 768w, https:\/\/www.amicsdecanruti.org\/wordpress\/wp-content\/uploads\/hospital_germans_trias_pujol_2-1536x1024.jpg 1536w, https:\/\/www.amicsdecanruti.org\/wordpress\/wp-content\/uploads\/hospital_germans_trias_pujol_2-2048x1365.jpg 2048w\" sizes=\"auto, (max-width: 300px) 100vw, 300px\" \/><\/figure><div class=\"wp-block-media-text__content\">\n<h2 class=\"wp-block-heading\">Cuidando el presente. Investigando para el futuro.<\/h2>\n\n\n\n<p>Desde la <strong>asistencia<\/strong>, nuestro personal m\u00e9dico trabaja d\u00eda a d\u00eda para atender y mejorar la calidad de vida de cada paciente.<\/p>\n\n\n\n<p>Desde la <strong>investigaci\u00f3n<\/strong>, estudiamos nuevos caminos para impulsar la medicina del futuro con proyectos pioneros e innovadores.<\/p>\n\n\n\n<div class=\"wp-block-buttons is-layout-flex wp-block-buttons-is-layout-flex\">\n<div class=\"wp-block-button\"><a class=\"wp-block-button__link\" href=\"\/es\/proyectos-de-investigacion\/\">\u00a1Desc\u00fabrelos!<\/a><\/div>\n<\/div>\n<\/div><\/div>\n\n\n\n<div class=\"wp-block-media-text alignwide is-stacked-on-mobile\"><figure class=\"wp-block-media-text__media\"><img loading=\"lazy\" decoding=\"async\" width=\"300\" height=\"200\" src=\"https:\/\/www.amicsdecanruti.org\/wordpress\/wp-content\/uploads\/hospital_germans_trias_pujol_3-300x200.jpg\" alt=\"\" class=\"wp-image-585 size-medium\" srcset=\"https:\/\/www.amicsdecanruti.org\/wordpress\/wp-content\/uploads\/hospital_germans_trias_pujol_3-300x200.jpg 300w, https:\/\/www.amicsdecanruti.org\/wordpress\/wp-content\/uploads\/hospital_germans_trias_pujol_3-1200x800.jpg 1200w, https:\/\/www.amicsdecanruti.org\/wordpress\/wp-content\/uploads\/hospital_germans_trias_pujol_3-768x512.jpg 768w, https:\/\/www.amicsdecanruti.org\/wordpress\/wp-content\/uploads\/hospital_germans_trias_pujol_3-1536x1024.jpg 1536w, https:\/\/www.amicsdecanruti.org\/wordpress\/wp-content\/uploads\/hospital_germans_trias_pujol_3-2048x1365.jpg 2048w\" sizes=\"auto, (max-width: 300px) 100vw, 300px\" \/><\/figure><div class=\"wp-block-media-text__content\">\n<p>A trav\u00e9s de la <strong>docencia<\/strong>, garantizamos la calidad de la asistencia en todos los sectores. En el curso actual, el Hospital cuenta con m\u00e1s de 240 residentes.<\/p>\n<\/div><\/div>\n\n\n\n<p class=\"has-text-align-center decoration-none has-background\" style=\"background-color:#f7f7f7;font-size:24px\"><strong><a href=\"\/es\/quienes-somos\/hazte-amigo\/unete-a-amics-de-can-ruti\/\">\u00a1\u00danete a la familia de Amics de Can Ruti y ay\u00fadanos a seguir mejorando!<\/a><\/strong><\/p>\n","protected":false},"excerpt":{"rendered":"<p>Los Amics de Can Ruti somos una red de personas y entidades comprometidas con el presente y futuro de la salud. Cuid\u00e1ndote en la consulta, investigando y compartiendo el conocimiento, hacemos todo lo que est\u00e1 nuestras manos por nuestros pacientes.<\/p>\n<p>\u00a1<a href=\"\/es\/quienes-somos\/hazte-amigo\/\">Hazte Amic de Can Ruti<\/a> y descubre como puedes colaborar con nosotros!<\/p>\n","protected":false},"author":1,"featured_media":608,"parent":0,"menu_order":0,"comment_status":"closed","ping_status":"closed","template":"","meta":{"_acf_changed":false,"footnotes":""},"class_list":["post-460","page","type-page","status-publish","has-post-thumbnail","hentry"],"acf":[],"_links":{"self":[{"href":"https:\/\/www.amicsdecanruti.org\/es\/wp-json\/wp\/v2\/pages\/460","targetHints":{"allow":["GET"]}}],"collection":[{"href":"https:\/\/www.amicsdecanruti.org\/es\/wp-json\/wp\/v2\/pages"}],"about":[{"href":"https:\/\/www.amicsdecanruti.org\/es\/wp-json\/wp\/v2\/types\/page"}],"author":[{"embeddable":true,"href":"https:\/\/www.amicsdecanruti.org\/es\/wp-json\/wp\/v2\/users\/1"}],"replies":[{"embeddable":true,"href":"https:\/\/www.amicsdecanruti.org\/es\/wp-json\/wp\/v2\/comments?post=460"}],"version-history":[{"count":13,"href":"https:\/\/www.amicsdecanruti.org\/es\/wp-json\/wp\/v2\/pages\/460\/revisions"}],"predecessor-version":[{"id":771,"href":"https:\/\/www.amicsdecanruti.org\/es\/wp-json\/wp\/v2\/pages\/460\/revisions\/771"}],"wp:featuredmedia":[{"embeddable":true,"href":"https:\/\/www.amicsdecanruti.org\/es\/wp-json\/wp\/v2\/media\/608"}],"wp:attachment":[{"href":"https:\/\/www.amicsdecanruti.org\/es\/wp-json\/wp\/v2\/media?parent=460"}],"curies":[{"name":"wp","href":"https:\/\/api.w.org\/{rel}","templated":true}]}}