{"id":462,"date":"2021-04-29T11:03:41","date_gmt":"2021-04-29T09:03:41","guid":{"rendered":"http:\/\/s804652872.mialojamiento.es\/wordpress\/?page_id=462"},"modified":"2021-05-12T10:16:24","modified_gmt":"2021-05-12T08:16:24","slug":"campus-e-instituciones","status":"publish","type":"page","link":"https:\/\/www.amicsdecanruti.org\/es\/quienes-somos\/campus-e-instituciones\/","title":{"rendered":"Campus e\u00a0instituciones"},"content":{"rendered":"","protected":false},"excerpt":{"rendered":"<p>El Campus Can Ruti y sus instituciones son una referencia de la biomedicina del Barcelon\u00e9s Nord. M\u00e1s de 4000 profesionales trabajan d\u00eda a d\u00eda para ofrecer una asistencia de excelencia estrechamente ligada a la investigaci\u00f3n, innovaci\u00f3n, docencia y formaci\u00f3n. <\/p>\n<p>Desde Can Ruti, estamos comprometidos con el presente y futuro de la salud.<\/p>\n","protected":false},"author":1,"featured_media":490,"parent":460,"menu_order":20,"comment_status":"closed","ping_status":"closed","template":"page-campus-i-institucions.php","meta":{"_acf_changed":false,"footnotes":""},"class_list":["post-462","page","type-page","status-publish","has-post-thumbnail","hentry"],"acf":[],"_links":{"self":[{"href":"https:\/\/www.amicsdecanruti.org\/es\/wp-json\/wp\/v2\/pages\/462","targetHints":{"allow":["GET"]}}],"collection":[{"href":"https:\/\/www.amicsdecanruti.org\/es\/wp-json\/wp\/v2\/pages"}],"about":[{"href":"https:\/\/www.amicsdecanruti.org\/es\/wp-json\/wp\/v2\/types\/page"}],"author":[{"embeddable":true,"href":"https:\/\/www.amicsdecanruti.org\/es\/wp-json\/wp\/v2\/users\/1"}],"replies":[{"embeddable":true,"href":"https:\/\/www.amicsdecanruti.org\/es\/wp-json\/wp\/v2\/comments?post=462"}],"version-history":[{"count":3,"href":"https:\/\/www.amicsdecanruti.org\/es\/wp-json\/wp\/v2\/pages\/462\/revisions"}],"predecessor-version":[{"id":494,"href":"https:\/\/www.amicsdecanruti.org\/es\/wp-json\/wp\/v2\/pages\/462\/revisions\/494"}],"up":[{"embeddable":true,"href":"https:\/\/www.amicsdecanruti.org\/es\/wp-json\/wp\/v2\/pages\/460"}],"wp:featuredmedia":[{"embeddable":true,"href":"https:\/\/www.amicsdecanruti.org\/es\/wp-json\/wp\/v2\/media\/490"}],"wp:attachment":[{"href":"https:\/\/www.amicsdecanruti.org\/es\/wp-json\/wp\/v2\/media?parent=462"}],"curies":[{"name":"wp","href":"https:\/\/api.w.org\/{rel}","templated":true}]}}