{"id":468,"date":"2021-01-11T12:22:01","date_gmt":"2021-01-11T11:22:01","guid":{"rendered":"http:\/\/s804652872.mialojamiento.es\/wordpress\/avantatges-de-ser-amic\/"},"modified":"2023-12-29T08:15:21","modified_gmt":"2023-12-29T07:15:21","slug":"ventajas-fiscales","status":"publish","type":"page","link":"https:\/\/www.amicsdecanruti.org\/es\/colabora\/ventajas-fiscales\/","title":{"rendered":"Ventajas fiscales"},"content":{"rendered":"\n<p>Haciendo una donaci\u00f3n a Amics de Can Ruti, contar\u00e1s con ventajas fiscales en la declaraci\u00f3n de la renta o el impuesto de sociedades.<\/p>\n\n\n\n<h2 class=\"wp-block-heading\">Si eres una persona f\u00edsica:<\/h2>\n\n\n\n<ul class=\"wp-block-list\"><li>Las donaciones de <strong>hasta 250\u20ac al a\u00f1o<\/strong> <strong>pueden deducirse<\/strong> <strong>hasta el 80%<\/strong> del importe dado.<\/li><li>Las donaciones de <strong>m\u00e1s de 250\u20ac pueden deducirse el 80% de los primeros 250\u20ac y el 40% del resto<\/strong>.<\/li><li>En caso de que hagas <strong>donaciones en una misma entidad durante m\u00e1s de 3 a\u00f1os de manera consecutiva<\/strong> y el importe sea igual o superior a los a\u00f1os anteriores podr\u00e1s disfrutar del <strong>45% de deducci\u00f3n<\/strong> en lugar del 40%.<\/li><\/ul>\n\n\n\n<h2 class=\"wp-block-heading\">Si eres una empresa:<\/h2>\n\n\n\n<ul class=\"wp-block-list\"><li>La <strong>deducci\u00f3n es del 40% sobre el impuesto de sociedades<\/strong> sea cual sea la cantidad aportada a Amigos de Can Ruti y del <strong>50% si has hecho donaciones en los tres a\u00f1os anteriores<\/strong>.<\/li><\/ul>\n\n\n\n<p>*<em>En todos los casos, el importe deducible no puede superar el 15% de la base imponible.<\/em><\/p>\n\n\n\n<p>Antes de realizar tu declaraci\u00f3n de IRPF, recibir\u00e1s el certificado que acreditar\u00e1 tu donaci\u00f3n a Amics de Can Ruti que tambi\u00e9n aparecer\u00e1 en el borrador de la declaraci\u00f3n (la primera vez que se hace una donaci\u00f3n podr\u00eda ser que \u00e9sta no apareciera).<\/p>\n\n\n\n<p><em>(Datos vigentes desde el 1\u00ba de enero de 2024)<\/em><\/p>\n\n\n\n<div class=\"wp-block-buttons is-layout-flex wp-block-buttons-is-layout-flex\">\n<div class=\"wp-block-button\"><a class=\"wp-block-button__link\" href=\"https:\/\/www.amicsdecanruti.org\/es\/quienes-somos\/hazte-amigo\/\">\u00bfQuieres convertirte en Amic de Can Ruti?<\/a><\/div>\n<\/div>\n","protected":false},"excerpt":{"rendered":"<p>Colaborando con Amics de Can Ruti, est\u00e1s ayudando a decenas de investigadores e investigadoras a poder llevar a cabo su investigaci\u00f3n en el \u00e1mbito de las ciencias de la salud en el Campus Can Ruti y est\u00e1s ayudando a cientos de pacientes que se ver\u00e1n beneficiados por los resultados y por los avances en la investigaci\u00f3n y la mejora de la asistencia.<\/p>\n","protected":false},"author":1,"featured_media":260,"parent":456,"menu_order":30,"comment_status":"closed","ping_status":"closed","template":"","meta":{"_acf_changed":false,"footnotes":""},"class_list":["post-468","page","type-page","status-publish","has-post-thumbnail","hentry"],"acf":[],"_links":{"self":[{"href":"https:\/\/www.amicsdecanruti.org\/es\/wp-json\/wp\/v2\/pages\/468","targetHints":{"allow":["GET"]}}],"collection":[{"href":"https:\/\/www.amicsdecanruti.org\/es\/wp-json\/wp\/v2\/pages"}],"about":[{"href":"https:\/\/www.amicsdecanruti.org\/es\/wp-json\/wp\/v2\/types\/page"}],"author":[{"embeddable":true,"href":"https:\/\/www.amicsdecanruti.org\/es\/wp-json\/wp\/v2\/users\/1"}],"replies":[{"embeddable":true,"href":"https:\/\/www.amicsdecanruti.org\/es\/wp-json\/wp\/v2\/comments?post=468"}],"version-history":[{"count":3,"href":"https:\/\/www.amicsdecanruti.org\/es\/wp-json\/wp\/v2\/pages\/468\/revisions"}],"predecessor-version":[{"id":4024,"href":"https:\/\/www.amicsdecanruti.org\/es\/wp-json\/wp\/v2\/pages\/468\/revisions\/4024"}],"up":[{"embeddable":true,"href":"https:\/\/www.amicsdecanruti.org\/es\/wp-json\/wp\/v2\/pages\/456"}],"wp:featuredmedia":[{"embeddable":true,"href":"https:\/\/www.amicsdecanruti.org\/es\/wp-json\/wp\/v2\/media\/260"}],"wp:attachment":[{"href":"https:\/\/www.amicsdecanruti.org\/es\/wp-json\/wp\/v2\/media?parent=468"}],"curies":[{"name":"wp","href":"https:\/\/api.w.org\/{rel}","templated":true}]}}