{"id":486,"date":"2021-05-06T12:14:29","date_gmt":"2021-05-06T10:14:29","guid":{"rendered":"http:\/\/s804652872.mialojamiento.es\/wordpress\/?page_id=486"},"modified":"2026-02-25T18:18:57","modified_gmt":"2026-02-25T17:18:57","slug":"voluntarios","status":"publish","type":"page","link":"https:\/\/www.amicsdecanruti.org\/es\/colabora\/voluntarios\/","title":{"rendered":"Voluntariado"},"content":{"rendered":"\n<h2 class=\"wp-block-heading\">Voluntariado de pacientes adultos<\/h2>\n\n\n\n<p>Acompa\u00f1amiento de los pacientes en sus habitaciones para promover el descanso del cuidador y prestar libros mediante el servicio de biblioteca m\u00f3vil.<\/p>\n\n\n\n<h2 class=\"wp-block-heading\">Voluntariado infantil<\/h2>\n\n\n\n<p>Atender de manera personalizada a los pacientes m\u00e1s peque\u00f1os y sus familias. De esta forma, procuramos ofrecer el soporte humano necesario para que las familias puedan compaginar el tiempo de ingreso con el cuidado de otros hijos e hijas y\/o con el trabajo.<\/p>\n\n\n\n<h2 class=\"wp-block-heading\">Entidades colaboradoras<\/h2>\n\n\n\n<p>Como entidad sin \u00e1nimo de lucro puedes apoyar nuestro programa de voluntariado.<\/p>\n\n\n\n<div class=\"wp-block-buttons is-layout-flex wp-block-buttons-is-layout-flex\">\n<div class=\"wp-block-button\"><a class=\"wp-block-button__link\" href=\"#drets\">Conoce tus derechos y deberes como voluntario.<\/a><\/div>\n<\/div>\n\n\n\n<div class=\"wp-block-group formulari formulari_voluntari\"><div class=\"wp-block-group__inner-container is-layout-flow wp-block-group-is-layout-flow\">\n<h2 class=\"wp-block-heading\">\u00bfQuieres ser voluntario? Cont\u00e1ctanos.<\/h2>\n\n\n\n<div class=\"wpcf7 no-js\" id=\"wpcf7-f676-o1\" lang=\"ca\" dir=\"ltr\" data-wpcf7-id=\"676\">\n<div class=\"screen-reader-response\"><p role=\"status\" aria-live=\"polite\" aria-atomic=\"true\"><\/p> <ul><\/ul><\/div>\n<form action=\"\/es\/wp-json\/wp\/v2\/pages\/486#wpcf7-f676-o1\" method=\"post\" class=\"wpcf7-form init\" aria-label=\"Formulari de contacte\" novalidate=\"novalidate\" data-status=\"init\">\n<fieldset class=\"hidden-fields-container\"><input type=\"hidden\" name=\"_wpcf7\" value=\"676\" \/><input type=\"hidden\" name=\"_wpcf7_version\" value=\"6.1.5\" \/><input type=\"hidden\" name=\"_wpcf7_locale\" value=\"ca\" \/><input type=\"hidden\" name=\"_wpcf7_unit_tag\" value=\"wpcf7-f676-o1\" \/><input type=\"hidden\" name=\"_wpcf7_container_post\" value=\"0\" \/><input type=\"hidden\" name=\"_wpcf7_posted_data_hash\" value=\"\" \/><input type=\"hidden\" name=\"_wpcf7_recaptcha_response\" value=\"\" \/>\n<\/fieldset>\n<p class=\"form_50\"><label>Nombre *<br \/>\n<span class=\"wpcf7-form-control-wrap\" data-name=\"nom\"><input size=\"40\" maxlength=\"400\" class=\"wpcf7-form-control wpcf7-text wpcf7-validates-as-required\" aria-required=\"true\" aria-invalid=\"false\" value=\"\" type=\"text\" name=\"nom\" \/><\/span> <\/label>\n<\/p>\n<p class=\"form_50\"><label>Apellido *<br \/>\n<span class=\"wpcf7-form-control-wrap\" data-name=\"cognom\"><input size=\"40\" maxlength=\"400\" class=\"wpcf7-form-control wpcf7-text wpcf7-validates-as-required\" aria-required=\"true\" aria-invalid=\"false\" value=\"\" type=\"text\" name=\"cognom\" \/><\/span> <\/label>\n<\/p>\n<p class=\"form_50\"><label>E-mail *<br \/>\n<span class=\"wpcf7-form-control-wrap\" data-name=\"email\"><input size=\"40\" maxlength=\"400\" class=\"wpcf7-form-control wpcf7-email wpcf7-validates-as-required wpcf7-text wpcf7-validates-as-email\" aria-required=\"true\" aria-invalid=\"false\" value=\"\" type=\"email\" name=\"email\" \/><\/span> <\/label>\n<\/p>\n<p class=\"form_50\"><label>Tel\u00e9fono<br \/>\n<span class=\"wpcf7-form-control-wrap\" data-name=\"tel-622\"><input size=\"40\" maxlength=\"400\" class=\"wpcf7-form-control wpcf7-tel wpcf7-text wpcf7-validates-as-tel\" aria-invalid=\"false\" value=\"\" type=\"tel\" name=\"tel-622\" \/><\/span> <\/label>\n<\/p>\n<p class=\"form_50\"><label>Fecha de nacimiento<br \/>\n<span class=\"wpcf7-form-control-wrap\" data-name=\"date-757\"><input class=\"wpcf7-form-control wpcf7-date wpcf7-validates-as-date\" aria-invalid=\"false\" value=\"\" type=\"date\" name=\"date-757\" \/><\/span> <\/label>\n<\/p>\n<p class=\"form_50\"><label>Profesi\u00f3n<br \/>\n<span class=\"wpcf7-form-control-wrap\" data-name=\"professio\"><input size=\"40\" maxlength=\"400\" class=\"wpcf7-form-control wpcf7-text wpcf7-validates-as-required\" aria-required=\"true\" aria-invalid=\"false\" value=\"\" type=\"text\" name=\"professio\" \/><\/span> <\/label>\n<\/p>\n<p class=\"form_100\"><label>\u00bfC\u00f3mo te gustar\u00eda colaborar como voluntario?<br \/>\n<span class=\"wpcf7-form-control-wrap\" data-name=\"collaborar\"><textarea cols=\"40\" rows=\"10\" maxlength=\"2000\" class=\"wpcf7-form-control wpcf7-textarea\" aria-invalid=\"false\" name=\"collaborar\"><\/textarea><\/span> <\/label>\n<\/p>\n<p class=\"form_100\"><label>\u00bfCu\u00e1l es tu disponibilidad?<br \/>\n<span class=\"wpcf7-form-control-wrap\" data-name=\"disponibilitat\"><textarea cols=\"40\" rows=\"10\" maxlength=\"2000\" class=\"wpcf7-form-control wpcf7-textarea\" aria-invalid=\"false\" name=\"disponibilitat\"><\/textarea><\/span> <\/label>\n<\/p>\n<p class=\"form_100\"><label><span class=\"wpcf7-form-control-wrap\" data-name=\"acceptance-162\"><span class=\"wpcf7-form-control wpcf7-acceptance optional\"><span class=\"wpcf7-list-item\"><input type=\"checkbox\" name=\"acceptance-162\" value=\"1\" aria-invalid=\"false\" \/><\/span><\/span><\/span> \u00bfQuieres recibir las comunicaciones de Amics de Can Ruti?<br \/>\n<span class=\"text_mini\">Sin Spam, nuestras novedades, avances cient\u00edficos y nuevas acciones para colaborar en un newsletter mensual.<\/span><\/label>\n<\/p>\n<p class=\"form_100\"><label><span class=\"wpcf7-form-control-wrap\" data-name=\"acceptance-163\"><span class=\"wpcf7-form-control wpcf7-acceptance\"><span class=\"wpcf7-list-item\"><input type=\"checkbox\" name=\"acceptance-163\" value=\"1\" aria-invalid=\"false\" \/><\/span><\/span><\/span> He le\u00eddo y acepto la <a target=\"politica\" href=\"https:\/\/www.amicsdecanruti.org\/es\/aviso-legal-y-politica-de-privacidad\/\">pol\u00edtica de privacidad<\/a>.<\/label>\n<\/p>\n<p><input class=\"wpcf7-form-control wpcf7-submit has-spinner\" type=\"submit\" value=\"Enviar\" \/>\n<\/p><div class=\"wpcf7-response-output\" aria-hidden=\"true\"><\/div>\n<\/form>\n<\/div>\n\n<\/div><\/div>\n\n\n\n<h2 class=\"wp-block-heading\" id=\"drets\">Derechos y deberes del voluntario<\/h2>\n\n\n\n<p>Colaborar como voluntario no s\u00f3lo representa una ayuda sino tambi\u00e9n una responsabilidad. Conoce tus derechos y deberes:&nbsp;<\/p>\n\n\n\n<h3 class=\"wp-block-heading\">Derechos del voluntario<\/h3>\n\n\n\n<ol class=\"wp-block-list\"><li>Obtener informaci\u00f3n de la entidad en la que colabora, sobre el funcionamiento, las finalidades y sus actividades, apoyo en el desarrollo de la acci\u00f3n voluntaria y medios para poder ejercitarla convenientemente.<\/li><li>Recibir la formaci\u00f3n necesaria para el desarrollo de la actividad.<\/li><li>Ser tratado sin ning\u00fan tipo de discriminaci\u00f3n y con total respeto a su condici\u00f3n y creencias.<\/li><li>Disfrutar de acreditaci\u00f3n suficiente como voluntario\/a ante terceros y obtener certificaci\u00f3n de su participaci\u00f3n en los programas.<\/li><li>Participar activamente en la elaboraci\u00f3n, planificaci\u00f3n, ejecuci\u00f3n y evaluaci\u00f3n de los programas y actividades donde colabore, con el reconocimiento social de su actividad.<\/li><li>Estar cubierto frente a los riesgos derivados de la actividad que lleva a cabo como voluntario y de los da\u00f1os que, involuntariamente, podr\u00eda causar a terceros por raz\u00f3n de su actividad.<\/li><li>Resarcirse, si quiere, de los gastos que le pueda ocasionar la actividad voluntaria.<\/li><li>Acordar libremente las condiciones de su acci\u00f3n voluntaria y el compromiso de las tareas definidas conjuntamente, el tiempo y horario que podr\u00e1 invertir y las responsabilidades aceptadas por cada cual.<\/li><\/ol>\n\n\n\n<h3 class=\"wp-block-heading\">Deberes del voluntario<\/h3>\n\n\n\n<ol class=\"wp-block-list\"><li>Cooperar en la consecuci\u00f3n de los objetivos del programa en el que participe para el cumplimiento de los compromisos adquiridos dentro de la organizaci\u00f3n.<\/li><li>Realizar la actividad a la que se ha comprometido con responsabilidad, buena fe y gratuidad, apoyando de forma activa a su entidad y respetando las normas internas de funcionamiento.<\/li><li>Observar las medidas de seguridad e higiene reglamentadas y aquellas que sean adoptadas por la entidad.<\/li><li>Rechazar cualquier contraprestaci\u00f3n econ\u00f3mica o material que le pueda ser ofrecida por el beneficiario o por terceros en virtud de su actuaci\u00f3n.<\/li><li>Mantener la confidencialidad, sin perjuicio de los derechos de la persona, de las informaciones recibidas y conocidas en el desarrollo de su actividad, respecto a los beneficiarios y a la entidad.<\/li><li>En caso de renuncia, notificarla con antelaci\u00f3n o continuar la actividad hasta que puedan adoptarse las medidas necesarias para evitar perjuicios graves al servicio.<\/li><\/ol>\n","protected":false},"excerpt":{"rendered":"<p><strong>Dona tu tiempo<\/strong><\/p>\n<p>Hay muchas formas de colaborar con la salud, dedicar tu tiempo puede marcar la diferencia en la experiencia hospitalaria para muchas personas. Como voluntario nos ayudas a humanizar la asistencia, ofreciendo compa\u00f1\u00eda y apoyo a nuestros pacientes y familiares durante su estancia en el hospital. <\/p>\n","protected":false},"author":1,"featured_media":741,"parent":456,"menu_order":20,"comment_status":"closed","ping_status":"closed","template":"","meta":{"_acf_changed":false,"footnotes":""},"class_list":["post-486","page","type-page","status-publish","has-post-thumbnail","hentry"],"acf":[],"_links":{"self":[{"href":"https:\/\/www.amicsdecanruti.org\/es\/wp-json\/wp\/v2\/pages\/486","targetHints":{"allow":["GET"]}}],"collection":[{"href":"https:\/\/www.amicsdecanruti.org\/es\/wp-json\/wp\/v2\/pages"}],"about":[{"href":"https:\/\/www.amicsdecanruti.org\/es\/wp-json\/wp\/v2\/types\/page"}],"author":[{"embeddable":true,"href":"https:\/\/www.amicsdecanruti.org\/es\/wp-json\/wp\/v2\/users\/1"}],"replies":[{"embeddable":true,"href":"https:\/\/www.amicsdecanruti.org\/es\/wp-json\/wp\/v2\/comments?post=486"}],"version-history":[{"count":3,"href":"https:\/\/www.amicsdecanruti.org\/es\/wp-json\/wp\/v2\/pages\/486\/revisions"}],"predecessor-version":[{"id":677,"href":"https:\/\/www.amicsdecanruti.org\/es\/wp-json\/wp\/v2\/pages\/486\/revisions\/677"}],"up":[{"embeddable":true,"href":"https:\/\/www.amicsdecanruti.org\/es\/wp-json\/wp\/v2\/pages\/456"}],"wp:featuredmedia":[{"embeddable":true,"href":"https:\/\/www.amicsdecanruti.org\/es\/wp-json\/wp\/v2\/media\/741"}],"wp:attachment":[{"href":"https:\/\/www.amicsdecanruti.org\/es\/wp-json\/wp\/v2\/media?parent=486"}],"curies":[{"name":"wp","href":"https:\/\/api.w.org\/{rel}","templated":true}]}}