{"id":498,"date":"2021-05-10T11:01:40","date_gmt":"2021-05-10T09:01:40","guid":{"rendered":"http:\/\/s804652872.mialojamiento.es\/wordpress\/?page_id=498"},"modified":"2026-03-12T10:39:54","modified_gmt":"2026-03-12T09:39:54","slug":"empresas-amigas","status":"publish","type":"page","link":"https:\/\/www.amicsdecanruti.org\/es\/colabora\/empresas-amigas\/","title":{"rendered":"Empresas amigas"},"content":{"rendered":"\n<h2 class=\"wp-block-heading\">\u00bfPor qu\u00e9 ser una empresa amiga de Can Ruti?<\/h2>\n\n\n\n<ul class=\"wp-block-list\"><li>Para ejercer tu responsabilidad social corporativa y potenciar tus valores como empresa ante tu p\u00fablico y grupos de inter\u00e9s.<\/li><li>Para vincular tu entidad a instituciones prestigiosas en el campo de la investigaci\u00f3n y la innovaci\u00f3n, y potenciar tu imagen entre tus competidores.<\/li><li>Para motivar a tus trabajadores con una iniciativa solidaria y atraer nuevo talento comprometido socialmente.<\/li><li>Para abrirte a nuevos p\u00fablicos y mercados.<\/li><li>Para obtener ventajas fiscales.<\/li><\/ul>\n\n\n\n<p><strong>Para m\u00e1s informaci\u00f3n sobre c\u00f3mo convertirte en una empresa amiga,\u00a0<a href=\"https:\/\/www.amicsdecanruti.org\/wordpress\/wp-content\/uploads\/Empresas_Amigas_AmicsdeCanRuti_ES.pdf\" data-type=\"URL\" data-id=\"https:\/\/www.amicsdecanruti.org\/wordpress\/wp-content\/uploads\/Empresas_Amigas_AmicsdeCanRuti_ES.pdf\" target=\"_blank\" rel=\"noreferrer noopener\">accede al dossier<\/a><\/strong> <strong>y\/o\u00a0<a rel=\"noreferrer noopener\" href=\"https:\/\/www.amicsdecanruti.org\/es\/contacto\/\" target=\"_blank\">cont\u00e1ctanos<\/a>.<\/strong><\/p>\n\n\n\n<h2 class=\"wp-block-heading\">\u00bfCu\u00e1les son los incentivos fiscales que tendr\u00e1s al hacer una donaci\u00f3n?<\/h2>\n\n\n\n<ul class=\"wp-block-list\"><li>Deducci\u00f3n del 40% en el impuesto de sociedades para cualquier cantidad donada, que se ampl\u00eda al 50% si se ha hecho aportaciones en los dos ejercicios fiscales anteriores por un importe igual o superior.<\/li><li>Adem\u00e1s, la firma de un convenio de colaboraci\u00f3n para actividades de inter\u00e9s general y los contratos de patrocinio publicitario disfrutan de deducciones adicionales en el impuesto de sociedades, sin l\u00edmite de cantidad.<\/li><\/ul>\n\n\n\n<p>Para personas f\u00edsicas, <a href=\"https:\/\/www.amicsdecanruti.org\/es\/quienes-somos\/ventajas-fiscales\/\" data-type=\"page\" data-id=\"468\">consulta las ventajas fiscales aqu\u00ed<\/a>. <\/p>\n\n\n\n<p><\/p>\n","protected":false},"excerpt":{"rendered":"<p>Tu empresa puede contribuir a realizar avances m\u00e9dicos y mejorar la asistencia hospitalaria. Con tu ayuda, podemos llegar m\u00e1s lejos.<\/p>\n","protected":false},"author":1,"featured_media":745,"parent":456,"menu_order":50,"comment_status":"closed","ping_status":"closed","template":"template-logos.php","meta":{"_acf_changed":false,"footnotes":""},"class_list":["post-498","page","type-page","status-publish","has-post-thumbnail","hentry"],"acf":[],"_links":{"self":[{"href":"https:\/\/www.amicsdecanruti.org\/es\/wp-json\/wp\/v2\/pages\/498","targetHints":{"allow":["GET"]}}],"collection":[{"href":"https:\/\/www.amicsdecanruti.org\/es\/wp-json\/wp\/v2\/pages"}],"about":[{"href":"https:\/\/www.amicsdecanruti.org\/es\/wp-json\/wp\/v2\/types\/page"}],"author":[{"embeddable":true,"href":"https:\/\/www.amicsdecanruti.org\/es\/wp-json\/wp\/v2\/users\/1"}],"replies":[{"embeddable":true,"href":"https:\/\/www.amicsdecanruti.org\/es\/wp-json\/wp\/v2\/comments?post=498"}],"version-history":[{"count":11,"href":"https:\/\/www.amicsdecanruti.org\/es\/wp-json\/wp\/v2\/pages\/498\/revisions"}],"predecessor-version":[{"id":6672,"href":"https:\/\/www.amicsdecanruti.org\/es\/wp-json\/wp\/v2\/pages\/498\/revisions\/6672"}],"up":[{"embeddable":true,"href":"https:\/\/www.amicsdecanruti.org\/es\/wp-json\/wp\/v2\/pages\/456"}],"wp:featuredmedia":[{"embeddable":true,"href":"https:\/\/www.amicsdecanruti.org\/es\/wp-json\/wp\/v2\/media\/745"}],"wp:attachment":[{"href":"https:\/\/www.amicsdecanruti.org\/es\/wp-json\/wp\/v2\/media?parent=498"}],"curies":[{"name":"wp","href":"https:\/\/api.w.org\/{rel}","templated":true}]}}