{"id":510,"date":"2021-05-10T17:11:47","date_gmt":"2021-05-10T15:11:47","guid":{"rendered":"http:\/\/s804652872.mialojamiento.es\/wordpress\/?page_id=510"},"modified":"2021-06-04T18:13:42","modified_gmt":"2021-06-04T16:13:42","slug":"herencias-y-legados-solidarios","status":"publish","type":"page","link":"https:\/\/www.amicsdecanruti.org\/es\/colabora\/herencias-y-legados-solidarios\/","title":{"rendered":"Herencias y Legados solidarios"},"content":{"rendered":"\n<p><\/p>\n\n\n\n<p>Dejar tu herencia o legado solidario a Amics de Can Ruti es un gesto \u00fanico y especial que transformar\u00e1 la salud de nuestra comunidad, por ello, lo gestionaremos con sensibilidad y responsabilidad, comprometi\u00e9ndonos a respetar tus deseos y a trabajar d\u00eda a d\u00eda para mejorar la vida de nuestros pacientes.<\/p>\n\n\n\n<div class=\"wp-block-pb-accordion-item c-accordion__item js-accordion-item no-js\" data-initially-open=\"false\" data-click-to-close=\"true\" data-auto-close=\"true\" data-scroll=\"false\" data-scroll-offset=\"0\"><h2 id=\"at-5100\" class=\"c-accordion__title js-accordion-controller\" role=\"button\">\u00bfC\u00f3mo se utilizar\u00e1 tu herencia o legado solidario?<\/h2><div id=\"ac-5100\" class=\"c-accordion__content\">\n<p>El legado es un acto muy personal, por ello tu donaci\u00f3n se destinar\u00e1 a la investigaci\u00f3n o proyecto asistencial que desees. En caso de no especificarlo, tu gesto solidario se dedicar\u00e1 a los proyectos del Campus Can Ruti que m\u00e1s lo necesiten.<\/p>\n<\/div><\/div>\n\n\n\n<div class=\"wp-block-pb-accordion-item c-accordion__item js-accordion-item no-js\" data-initially-open=\"false\" data-click-to-close=\"true\" data-auto-close=\"true\" data-scroll=\"false\" data-scroll-offset=\"0\"><h2 id=\"at-5101\" class=\"c-accordion__title js-accordion-controller\" role=\"button\">\u00bfQu\u00e9 es un legado y qu\u00e9 es una herencia?<\/h2><div id=\"ac-5101\" class=\"c-accordion__content\">\n<p>Un legado es la asignaci\u00f3n de uno o diversos bienes a una o m\u00e1s personas f\u00edsicas o jur\u00eddicas determinadas. Una herencia es tambi\u00e9n la asignaci\u00f3n de todos o parte de los bienes a una o m\u00e1s personas, sin embargo, en este caso, el heredero contrae tambi\u00e9n los derechos y obligaciones que se derivan del testamento.<\/p>\n<\/div><\/div>\n\n\n\n<div class=\"wp-block-pb-accordion-item c-accordion__item js-accordion-item no-js\" data-initially-open=\"false\" data-click-to-close=\"true\" data-auto-close=\"true\" data-scroll=\"false\" data-scroll-offset=\"0\"><h2 id=\"at-5102\" class=\"c-accordion__title js-accordion-controller\" role=\"button\">\u00bfC\u00f3mo puedes dejar tu legado solidario a Amics de Can Ruti?<\/h2><div id=\"ac-5102\" class=\"c-accordion__content\">\n<p>Hay varias opciones para efectuar tu aportaci\u00f3n, puedes nombrar a Amics de Can Ruti como heredero, coheredero o legatario de tus bienes o parte de ellos (dinero, inmuebles, acciones, obras de arte u otros). Es necesario que lo dejes por escrito a trav\u00e9s de un testamento, es un tr\u00e1mite sencillo en el que un notario te podr\u00e1 asesorar.<\/p>\n<\/div><\/div>\n\n\n\n<div class=\"wp-block-pb-accordion-item c-accordion__item js-accordion-item no-js\" data-initially-open=\"false\" data-click-to-close=\"true\" data-auto-close=\"true\" data-scroll=\"false\" data-scroll-offset=\"0\"><h2 id=\"at-5103\" class=\"c-accordion__title js-accordion-controller\" role=\"button\">\u00bfQu\u00e9 datos se deben incluir?<\/h2><div id=\"ac-5103\" class=\"c-accordion__content\">\n<p>Si decides donar tu herencia o legado a Amics de Can Ruti, deber\u00e1s especificar los siguientes datos:<br><br><strong>Programa Amics de Can Ruti<\/strong><br>Fundaci\u00f3 d\u2019Investigaci\u00f3 Germans Trias i Pujol<br>NiF G-60805462<br>Carretera de Can Ruti, Cam\u00ed de les Escoles s\/n<br>08916, Badalona.<\/p>\n<\/div><\/div>\n\n\n\n<div class=\"wp-block-pb-accordion-item c-accordion__item js-accordion-item no-js\" data-initially-open=\"false\" data-click-to-close=\"true\" data-auto-close=\"true\" data-scroll=\"false\" data-scroll-offset=\"0\"><h2 id=\"at-5104\" class=\"c-accordion__title js-accordion-controller\" role=\"button\">\u00bfEs posible cambiar el testamento?<\/h2><div id=\"ac-5104\" class=\"c-accordion__content\">\n<p>Siempre que lo desees podr\u00e1s modificar tu testamento. Si decides a\u00f1adir a Amics de Can Ruti como beneficiario, s\u00f3lo tienes que contactar con el notario para solicitar el cambio. El testamento nuevo y m\u00e1s reciente ser\u00e1 el que tendr\u00e1 validez a partir de este momento.<\/p>\n<\/div><\/div>\n\n\n\n<div class=\"wp-block-pb-accordion-item c-accordion__item js-accordion-item no-js\" data-initially-open=\"false\" data-click-to-close=\"true\" data-auto-close=\"true\" data-scroll=\"false\" data-scroll-offset=\"0\"><h2 id=\"at-5105\" class=\"c-accordion__title js-accordion-controller\" role=\"button\">\u00bfLos legados solidarios se encuentran libres de impuestos?<\/h2><div id=\"ac-5105\" class=\"c-accordion__content\">\n<p>S\u00ed, la Fundaci\u00f3 d\u2019Investigaci\u00f3 Germans Trias i Pujol es una organizaci\u00f3n sin fines de lucro y como tal se encuentra exenta del impuesto de Sucesiones y Donaciones, por lo tanto, recibir\u00e1 el total \u00edntegro de lo que se le asigne en el testamento.<\/p>\n<\/div><\/div>\n\n\n\n<h2 class=\"wp-block-heading\">\u00bfTienes preguntas o quieres recibir informaci\u00f3n?<\/h2>\n\n\n\n<p><a href=\"https:\/\/www.amicsdecanruti.org\/wordpress\/es\/contacto\/\" data-type=\"page\" data-id=\"511\">Cont\u00e1ctanos<\/a>. Trataremos tus datos con la mayor confidencialidad.<\/p>\n","protected":false},"excerpt":{"rendered":"<p><strong>Una huella para la salud de ma\u00f1ana<\/strong><\/p>\n<p>Tu donaci\u00f3n a trav\u00e9s de una herencia o legado solidario representa una contribuci\u00f3n inmensurable al futuro de la investigaci\u00f3n y la salud. Con tu ayuda, podremos mejorar la atenci\u00f3n sanitaria de los pacientes, encontrar tratamiento a enfermedades diversas y apoyar a j\u00f3venes investigadores.<\/p>\n","protected":false},"author":1,"featured_media":743,"parent":456,"menu_order":30,"comment_status":"closed","ping_status":"closed","template":"","meta":{"_acf_changed":false,"footnotes":""},"class_list":["post-510","page","type-page","status-publish","has-post-thumbnail","hentry"],"acf":[],"_links":{"self":[{"href":"https:\/\/www.amicsdecanruti.org\/es\/wp-json\/wp\/v2\/pages\/510","targetHints":{"allow":["GET"]}}],"collection":[{"href":"https:\/\/www.amicsdecanruti.org\/es\/wp-json\/wp\/v2\/pages"}],"about":[{"href":"https:\/\/www.amicsdecanruti.org\/es\/wp-json\/wp\/v2\/types\/page"}],"author":[{"embeddable":true,"href":"https:\/\/www.amicsdecanruti.org\/es\/wp-json\/wp\/v2\/users\/1"}],"replies":[{"embeddable":true,"href":"https:\/\/www.amicsdecanruti.org\/es\/wp-json\/wp\/v2\/comments?post=510"}],"version-history":[{"count":4,"href":"https:\/\/www.amicsdecanruti.org\/es\/wp-json\/wp\/v2\/pages\/510\/revisions"}],"predecessor-version":[{"id":751,"href":"https:\/\/www.amicsdecanruti.org\/es\/wp-json\/wp\/v2\/pages\/510\/revisions\/751"}],"up":[{"embeddable":true,"href":"https:\/\/www.amicsdecanruti.org\/es\/wp-json\/wp\/v2\/pages\/456"}],"wp:featuredmedia":[{"embeddable":true,"href":"https:\/\/www.amicsdecanruti.org\/es\/wp-json\/wp\/v2\/media\/743"}],"wp:attachment":[{"href":"https:\/\/www.amicsdecanruti.org\/es\/wp-json\/wp\/v2\/media?parent=510"}],"curies":[{"name":"wp","href":"https:\/\/api.w.org\/{rel}","templated":true}]}}