{"id":518,"date":"2021-05-10T17:19:03","date_gmt":"2021-05-10T15:19:03","guid":{"rendered":"http:\/\/s804652872.mialojamiento.es\/wordpress\/?page_id=518"},"modified":"2026-02-25T18:15:08","modified_gmt":"2026-02-25T17:15:08","slug":"hazte-amigo","status":"publish","type":"page","link":"https:\/\/www.amicsdecanruti.org\/es\/colabora\/hazte-amigo\/","title":{"rendered":"\u00danete a Amics de Can Ruti"},"content":{"rendered":"\n<p>Los Amics de Can Ruti somos una red de personas y entidades comprometidas con el cuidado y mejora de la salud. <\/p>\n\n\n\n<p><strong>Como Amic de Can Ruti puedes contribuir de distintas formas<\/strong> seg\u00fan tus posibilidades: <strong>mensual, trimestral o anual<\/strong>. Tu colaboraci\u00f3n por peque\u00f1a que parezca, se transformar\u00e1 en un gran aporte para nuestros proyectos.<\/p>\n\n\n\n<p>Con tu ayuda podremos:<\/p>\n\n\n\n<ul class=\"wp-block-list\"><li>Investigar tratamientos y curas para diversas enfermedades.<\/li><li>Mejorar la atenci\u00f3n sanitaria<\/li><li>Cuidar la salud y calidad de vida de nuestra comunidad<\/li><li>Formar a j\u00f3venes investigadores<\/li><li>\u00a1Y mucho m\u00e1s!<\/li><\/ul>\n\n\n\n<p>Completa el formulario y <strong>s\u00famate a Amics de Can Ruti<\/strong>.<\/p>\n\n\n\n<p>Haciendo una donaci\u00f3n contar\u00e1s con <strong>ventajas fiscales<\/strong>, <a href=\"https:\/\/www.amicsdecanruti.org\/es\/quienes-somos\/ventajas-fiscales\/\" data-type=\"page\" data-id=\"468\">conoce los beneficios<\/a>.<\/p>\n","protected":false},"excerpt":{"rendered":"<p>Los Amics de Can Ruti somos una red de personas y entidades comprometidas con el cuidado y mejora de la [&hellip;]<\/p>\n","protected":false},"author":1,"featured_media":598,"parent":456,"menu_order":10,"comment_status":"closed","ping_status":"closed","template":"","meta":{"_acf_changed":false,"footnotes":""},"class_list":["post-518","page","type-page","status-publish","has-post-thumbnail","hentry"],"acf":[],"_links":{"self":[{"href":"https:\/\/www.amicsdecanruti.org\/es\/wp-json\/wp\/v2\/pages\/518","targetHints":{"allow":["GET"]}}],"collection":[{"href":"https:\/\/www.amicsdecanruti.org\/es\/wp-json\/wp\/v2\/pages"}],"about":[{"href":"https:\/\/www.amicsdecanruti.org\/es\/wp-json\/wp\/v2\/types\/page"}],"author":[{"embeddable":true,"href":"https:\/\/www.amicsdecanruti.org\/es\/wp-json\/wp\/v2\/users\/1"}],"replies":[{"embeddable":true,"href":"https:\/\/www.amicsdecanruti.org\/es\/wp-json\/wp\/v2\/comments?post=518"}],"version-history":[{"count":2,"href":"https:\/\/www.amicsdecanruti.org\/es\/wp-json\/wp\/v2\/pages\/518\/revisions"}],"predecessor-version":[{"id":761,"href":"https:\/\/www.amicsdecanruti.org\/es\/wp-json\/wp\/v2\/pages\/518\/revisions\/761"}],"up":[{"embeddable":true,"href":"https:\/\/www.amicsdecanruti.org\/es\/wp-json\/wp\/v2\/pages\/456"}],"wp:featuredmedia":[{"embeddable":true,"href":"https:\/\/www.amicsdecanruti.org\/es\/wp-json\/wp\/v2\/media\/598"}],"wp:attachment":[{"href":"https:\/\/www.amicsdecanruti.org\/es\/wp-json\/wp\/v2\/media?parent=518"}],"curies":[{"name":"wp","href":"https:\/\/api.w.org\/{rel}","templated":true}]}}