{"id":6168,"date":"2025-11-26T09:26:21","date_gmt":"2025-11-26T08:26:21","guid":{"rendered":"https:\/\/www.amicsdecanruti.org\/collabora-dona-hospital\/"},"modified":"2026-02-25T18:20:37","modified_gmt":"2026-02-25T17:20:37","slug":"dona-hospital","status":"publish","type":"page","link":"https:\/\/www.amicsdecanruti.org\/es\/colabora\/dona-hospital\/","title":{"rendered":"Dona para mejorar la experiencia hospitalaria"},"content":{"rendered":"\n<p>Ay\u00fadanos a mejorar el bienestar f\u00edsico y emocional de los pacientes y sus acompa\u00f1antes. Con tu colaboraci\u00f3n, podemos crear una experiencia m\u00e1s c\u00e1lida, humana y agradable en el Hospital Germans Trias.<\/p>\n","protected":false},"excerpt":{"rendered":"<p>Ay\u00fadanos a mejorar el bienestar f\u00edsico y emocional de los pacientes y sus acompa\u00f1antes. Con tu colaboraci\u00f3n, podemos crear una [&hellip;]<\/p>\n","protected":false},"author":2,"featured_media":6166,"parent":456,"menu_order":0,"comment_status":"closed","ping_status":"closed","template":"","meta":{"_acf_changed":false,"footnotes":""},"class_list":["post-6168","page","type-page","status-publish","has-post-thumbnail","hentry"],"acf":[],"_links":{"self":[{"href":"https:\/\/www.amicsdecanruti.org\/es\/wp-json\/wp\/v2\/pages\/6168","targetHints":{"allow":["GET"]}}],"collection":[{"href":"https:\/\/www.amicsdecanruti.org\/es\/wp-json\/wp\/v2\/pages"}],"about":[{"href":"https:\/\/www.amicsdecanruti.org\/es\/wp-json\/wp\/v2\/types\/page"}],"author":[{"embeddable":true,"href":"https:\/\/www.amicsdecanruti.org\/es\/wp-json\/wp\/v2\/users\/2"}],"replies":[{"embeddable":true,"href":"https:\/\/www.amicsdecanruti.org\/es\/wp-json\/wp\/v2\/comments?post=6168"}],"version-history":[{"count":1,"href":"https:\/\/www.amicsdecanruti.org\/es\/wp-json\/wp\/v2\/pages\/6168\/revisions"}],"predecessor-version":[{"id":6169,"href":"https:\/\/www.amicsdecanruti.org\/es\/wp-json\/wp\/v2\/pages\/6168\/revisions\/6169"}],"up":[{"embeddable":true,"href":"https:\/\/www.amicsdecanruti.org\/es\/wp-json\/wp\/v2\/pages\/456"}],"wp:featuredmedia":[{"embeddable":true,"href":"https:\/\/www.amicsdecanruti.org\/es\/wp-json\/wp\/v2\/media\/6166"}],"wp:attachment":[{"href":"https:\/\/www.amicsdecanruti.org\/es\/wp-json\/wp\/v2\/media?parent=6168"}],"curies":[{"name":"wp","href":"https:\/\/api.w.org\/{rel}","templated":true}]}}