{"id":881,"date":"2021-06-14T18:08:29","date_gmt":"2021-06-14T16:08:29","guid":{"rendered":"https:\/\/www.amicsdecanruti.org\/?page_id=881"},"modified":"2026-03-24T16:12:31","modified_gmt":"2026-03-24T15:12:31","slug":"aviso-legal-y-politica-de-privacidad","status":"publish","type":"page","link":"https:\/\/www.amicsdecanruti.org\/es\/aviso-legal-y-politica-de-privacidad\/","title":{"rendered":"Aviso legal y pol\u00edtica de privacidad"},"content":{"rendered":"\n<h2 class=\"wp-block-heading\">Fundaci\u00f3 Institut de Investigaci\u00f3 en Ci\u00e8ncies de la Salut Germans Trias i Pujol (IGTP)<\/h2>\n\n\n\n<ul class=\"wp-block-list\">\n<li>Domicilio social: Carretera de Can Ruti, cam\u00ed de les Escoles s\/n, 08916 Badalona, Barcelona<\/li>\n\n\n\n<li>Tel: (+34) 93 554 3054<\/li>\n\n\n\n<li>E-mail: <a href=\"mailto:dpd@ticsalutsocial.cat\" target=\"_blank\" rel=\"noreferrer noopener\">dpd@ticsalutsocial.cat<\/a><\/li>\n\n\n\n<li>Datos registrales: Inscrita en el Registro de Fundaciones #909<\/li>\n\n\n\n<li>CIF: G G-60805462<\/li>\n<\/ul>\n\n\n\n<h3 class=\"wp-block-heading\">Condiciones generales de utilizaci\u00f3n<\/h3>\n\n\n\n<h4 class=\"wp-block-heading\">Limitaciones de uso<\/h4>\n\n\n\n<p>El acceso a este sitio Web tiene car\u00e1cter gratuito y su visualizaci\u00f3n no requiere previa suscripci\u00f3n o registro alguno.<br><br>Los usuarios deber\u00e1n utilizar la informaci\u00f3n contenida en este sitio Web en cumplimiento de la legislaci\u00f3n aplicable en cada caso, respetando los derechos de propiedad intelectual de FUNDACI\u00d3 INSTITUT DE RECERCA EN CI\u00c8NCIAS DE LA SALUT GERMANS TRIAS I PUJOL (IGTP) o terceros.<br><br>El usuario no realizar\u00e1 a trav\u00e9s de los servicios que pone a su disposici\u00f3n FUNDACI\u00d3 INSTITUT DE RECERCA EN CI\u00c8NCIAS DE LA SALUT GERMANS TRIAS I PUJOL (IGTP) ninguna acci\u00f3n que cause da\u00f1o o alteraciones en los contenidos, ni obstaculizar\u00e1 el buen funcionamiento del sitio Web. No causar\u00e1 problemas t\u00e9cnicos de ninguna \u00edndole, transfiriendo elementos susceptibles de portar virus inform\u00e1ticos o de da\u00f1ar, interferir o interceptar total o parcialmente la presente Web.<br><br>En ning\u00fan caso FUNDACI\u00d3 INSTITUT DE RECERCA EN CI\u00c8NCIAS DE LA SALUT GERMANS TRIAS I PUJOL (IGTP) ser\u00e1 responsable del uso inadecuado de este sitio Web o de sus contenidos, o de las consecuencias que dicho uso pueda originar.&nbsp;<\/p>\n\n\n\n<h3 class=\"wp-block-heading\">Limitaci\u00f3n de responsabilidad<\/h3>\n\n\n\n<p>FUNDACI\u00d3 INSTITUT DE RECERCA EN CI\u00c8NCIAS DE LA SALUT GERMANS TRIAS I PUJOL (IGTP) no garantiza que sus p\u00e1ginas se encuentren operativas, ni que sus contenidos sean completos, exactos o fiables en todo momento. FUNDACI\u00d3 INSTITUT DE RECERCA EN CI\u00c8NCIAS DE LA SALUT GERMANS TRIAS I PUJOL (IGTP) se reserva el derecho a modificar en cualquier momento, sin previo aviso, los contenidos de este sitio Web y las Condiciones Generales de Acceso.<br><br>En caso de efectuar operaciones de mantenimiento, reparaci\u00f3n, actualizaci\u00f3n o mejora de los servicios, FUNDACI\u00d3 INSTITUT DE RECERCA EN CI\u00c8NCIAS DE LA SALUT GERMANS TRIAS I PUJOL (IGTP) tiene el derecho a suspender temporalmente y sin necesidad de preaviso el acceso al presente sitio Web, as\u00ed como reservarse el derecho de prestaci\u00f3n o cancelaci\u00f3n de los servicios, sin perjuicio de lo cual procurar\u00e1 ponerlo en conocimiento de los usuarios, siempre que las circunstancias as\u00ed se lo permitan.<br><br>De esta forma, se excluye cualquier responsabilidad por los da\u00f1os y perjuicios de cualquier naturaleza que puedan derivarse de la falta de disponibilidad o de continuidad del funcionamiento del sitio y de sus servicios y la utilidad que los usuarios hubieran podido atribuir al presente sitio Web.<\/p>\n\n\n\n<h3 class=\"wp-block-heading\">V\u00ednculos o enlaces hipertextuales<\/h3>\n\n\n\n<p>Ning\u00fan tercero podr\u00e1 establecer relaci\u00f3n de &#8216;framing&#8217; entre sus p\u00e1ginas Web y el presente sitio Web.<br><br>En relaci\u00f3n con los enlaces incluidos en el presente sitio Web dirigidos a otros sitios no gestionados por FUNDACI\u00d3 INSTITUT DE RECERCA EN CI\u00c8NCIAS DE LA SALUT GERMANS TRIAS I PUJOL (IGTP), esta instituci\u00f3n manifiesta que no ejerce control alguno sobre dichos sitios, ni es responsable del contenido de los mismos.<br><br>Los v\u00ednculos que este sitio Web pueda contener se ofrecen, \u00fanicamente, a modo de referencias informativas, sin ning\u00fan tipo de valoraci\u00f3n sobre los contenidos, propietarios, servicios o productos ofrecidos desde los mismos.&nbsp;<\/p>\n\n\n\n<h3 class=\"wp-block-heading\">Otras condiciones<\/h3>\n\n\n\n<p>Las presentes Condiciones Generales de Utilizaci\u00f3n y todas las relaciones que se establezcan entre el usuario y FUNDACI\u00d3 INSTITUT DE RECERCA EN CI\u00c8NCIAS DE LA SALUT GERMANS TRIAS I PUJOL (IGTP) se regir\u00e1n por la legislaci\u00f3n espa\u00f1ola.<br><br>La utilizaci\u00f3n del sitio Web implica la aceptaci\u00f3n de las anteriores Condiciones Generales de Utilizaci\u00f3n.&nbsp;<\/p>\n\n\n\n<h3 class=\"wp-block-heading\">Propiedad Intelectual<\/h3>\n\n\n\n<p>La totalidad de este sitio Web y las partes que lo componen se encuentran protegidas por las leyes espa\u00f1olas e internacionales sobre propiedad Intelectual e Industrial.<br><br>Los derechos de propiedad intelectual sobre los contenidos de este sitio Web pertenecen a FUNDACI\u00d3 INSTITUT DE RECERCA EN CI\u00c8NCIAS DE LA SALUT GERMANS TRIAS I PUJOL (IGTP), salvo aqu\u00e9llos de empresas con las que haya firmado el correspondiente contrato para la provisi\u00f3n de contenidos y est\u00e1n protegidos por las normas nacionales e internacionales de propiedad intelectual e industrial.<br>&nbsp;<br>El ejercicio de los derechos de reproducci\u00f3n, distribuci\u00f3n, comunicaci\u00f3n p\u00fablica y transformaci\u00f3n de los contenidos es exclusivo FUNDACI\u00d3 INSTITUT DE RECERCA EN CI\u00c8NCIAS DE LA SALUT GERMANS TRIAS I PUJOL (IGTP) sin perjuicio del ejercicio por parte de terceros del derecho a cita.<br><br>El usuario que acceda a esta Web no puede copiar, modificar, distribuir, transmitir, reproducir, publicar, ceder, vender los elementos anteriormente mencionados o crear nuevos productos o servicios derivados de la informaci\u00f3n obtenida sin citar expresamente su procedencia.<br><br>\u00danicamente queda autorizada la visualizaci\u00f3n y carga para el uso personal y no comercial del usuario, sin que pueda hacerlo extensivo a terceras personas o entidades.<br><br>Queda expresamente prohibida la alteraci\u00f3n del contenido o estructura de este sitio Web por parte del usuario sin el permiso expreso y por escrito de FUNDACI\u00d3 INSTITUT DE RECERCA EN CI\u00c8NCIAS DE LA SALUT GERMANS TRIAS I PUJOL (IGTP). Cualquier utilizaci\u00f3n de este sitio Web o de sus contenidos contraria a la normativa vigente podr\u00e1 ser perseguida.<\/p>\n\n\n\n<h3 class=\"wp-block-heading\"><strong>Protecci\u00f3n de Datos Personales<\/strong><\/h3>\n\n\n\n<p><strong>RESPONSABLE DEL TRATAMIENTO:&nbsp;<\/strong>Fundaci\u00f3n Instituto de Investigaci\u00f3n en Ciencias de la Salud Germans Trias i Pujol, con sede en la Carretera de Can Ruti, cam\u00ed de les Escoles S\/N, 08916 Badalona<\/p>\n\n\n\n<p><strong>DELEGADO DE PROTECCI\u00d3N DE DATOS:&nbsp;<\/strong>dpd@igtp.cat<\/p>\n\n\n\n<p>La <strong>Fundaci\u00f3n Instituto de Investigaci\u00f3n en Ciencias de la Salud Germans Trias i Pujol <\/strong>(de ahora en adelante, el \u00ab<strong>IGTP<\/strong>\u00ab) le informa de acuerdo con el Reglamento General de Protecci\u00f3n de Datos (RGPD 2016\/679), sobre su pol\u00edtica de protecci\u00f3n de datos.<\/p>\n\n\n\n<p>Somos una fundaci\u00f3n cuya actividad principal est\u00e1 destinada a incrementar el conocimiento cient\u00edfico para a continuaci\u00f3n transformarlo en una mejor salud y atenci\u00f3n m\u00e9dica de los pacientes y de la comunidad.<\/p>\n\n\n\n<p>Esta pol\u00edtica de privacidad se aplica al tratamiento de datos a trav\u00e9s de los usuarios de la p\u00e1gina http:\/\/www.germanstrias.org (de ahora en adelante, el \u00ab<strong>sitio web<\/strong>\u00ab). El IGTP se reserva el derecho de modificar esta Pol\u00edtica de Privacidad de vez en cuando y, si se introducen cambios materiales, se comunicar\u00e1n al usuario para que pueda revisar los cambios antes de seguir utilizando el sitio web. El hecho de seguir utilizando nuestros servicios despu\u00e9s de que publiquemos o comuniquemos cualquier modificaci\u00f3n en esta pol\u00edtica de privacidad significar\u00e1 que est\u00e1 de acuerdo con los cambios.<\/p>\n\n\n\n<p><strong>1.- Informaci\u00f3n que recaudamos<\/strong><\/p>\n\n\n\n<p>El IGTP obtiene los datos personales de los usuarios a trav\u00e9s de los siguientes medios:<\/p>\n\n\n\n<p>Petici\u00f3n de Informaci\u00f3n o contacto a trav\u00e9s del formulario de Newsletter <a href=\"http:\/\/www.germanstrias.org\">http:\/\/www.germanstrias.org<\/a>; Cookies mediante <a href=\"http:\/\/www.germanstrias.org\">http:\/\/www.germanstrias.org<\/a>.<\/p>\n\n\n\n<p><strong>2.- \u00bfC\u00f3mo <\/strong><strong>se tratan los datos personales?<\/strong><\/p>\n\n\n\n<p>La base jur\u00eddica que ampara el tratamiento de los datos es el libre consentimiento de la persona, el cual puede ser revocado en todo momento. Los datos se conservar\u00e1n todo el tiempo en que dure este consentimiento.<\/p>\n\n\n\n<p>El IGTP garantiza que todos los datos personales bajo su responsabilidad se tratan de acuerdo con el RGPD:<\/p>\n\n\n\n<ul class=\"wp-block-list\">\n<li>Tratados de manera l\u00edcita, leal y transparente en relaci\u00f3n con el interesado.<\/li>\n\n\n\n<li>Recogidos con fines determinados, expl\u00edcitos y leg\u00edtimos.<\/li>\n\n\n\n<li>Tratados de manera adecuada, pertinente y limitada a lo necesario en relaci\u00f3n con los fines para los que son tratados.<\/li>\n\n\n\n<li>Exactos y actualizados.<\/li>\n\n\n\n<li>Mantenidos de forma que se permita la identificaci\u00f3n de los interesados, nunca para ning\u00fan otro prop\u00f3sito que no sea con el fin de mantener el v\u00ednculo con nuestra instituci\u00f3n.<\/li>\n\n\n\n<li>Tratados de tal manera que se garantice una seguridad adecuada de los datos personales mediante la aplicaci\u00f3n de medidas t\u00e9cnicas u organizativas apropiadas.<\/li>\n<\/ul>\n\n\n\n<p><strong>3.- Uso de los datos personales de usuarios<\/strong><\/p>\n\n\n\n<p>El IGTP comunica a los usuarios que los datos personales que nos faciliten se incorporar\u00e1n a una base de datos propiedad del IGTP ubicados en Carretera de Can Ruti, cam\u00ed de les Escoles S\/N, 08916 Badalona., siendo utilizados con la finalidad de comunicar e informar sobre las actividades del IGTP<\/p>\n\n\n\n<p>El usuario es el \u00fanico responsable de los datos que facilite al sitio web. En ning\u00fan caso ser\u00e1n facilitados a terceros y si, en un futuro, el IGTP deseara utilizarlas para finalidades diferentes de las aqu\u00ed identificadas, informaremos al usuario de estas nuevas finalidades y pediremos su consentimiento con car\u00e1cter previo.<\/p>\n\n\n\n<p>El IGTP utiliza cookies en su p\u00e1gina web. Para m\u00e1s informaci\u00f3n, consulte nuestra Pol\u00edtica de Cookies.<\/p>\n\n\n\n<p>Ciertas opciones del sitio web pueden contener condiciones de uso particulares con previsiones en materia de protecci\u00f3n de datos personales, que prevalecen sobre esta pol\u00edtica de privacidad. En este sentido, es importante que el usuario tenga presente las siguientes advertencias:<\/p>\n\n\n\n<p><strong>4.-&nbsp; Compartir informaci\u00f3n con terceros<\/strong><\/p>\n\n\n\n<p>El IGTP no facilitar\u00e1 los datos de los usuarios a terceros. No compartiremos informaci\u00f3n personal, a menos que tengamos su consentimiento expreso y que consideramos de buena fe que est\u00e1 permitido por ley o que hay que revelarla de forma razonable para cumplir con un procedimiento judicial, incluidas, entre otros, citas para un juicio civil o penal, \u00f3rdenes judiciales u otras revelaciones obligatorias.<\/p>\n\n\n\n<p><strong>5.- Consentimiento del usuario<\/strong><\/p>\n\n\n\n<p>El env\u00edo de los datos, mediante el uso de los formularios electr\u00f3nicos habilitados por el IGTP en el sitio web o de mensajes de correo electr\u00f3nico o contenidos facilitados para el usuario a trav\u00e9s del sitio web, supone el consentimiento expreso del remitente al tratamiento de los datos incluidos en los medios de comunicaci\u00f3n indicados. La aceptaci\u00f3n del usuario para que sus datos se traten con las finalidades referidas en el apartado \u00abUso de los datos personales de usuarios\u00bb tiene siempre car\u00e1cter revocable, sin efectos retroactivos, de acuerdo con lo que dispone la legislaci\u00f3n vigente.<\/p>\n\n\n\n<p>En este sentido, el usuario garantiza que los datos personales facilitados al IGTP son veraces y se hace responsable de comunicar a IGTP cualquier modificaci\u00f3n de estos.<\/p>\n\n\n\n<p><strong>6.- Seguridad de los datos<\/strong><\/p>\n\n\n\n<p>IGTP mantiene medidas t\u00e9cnicas y organizativas apropiadas para garantizar un nivel adecuado de seguridad seg\u00fan lo requerido en el RGPD y ha establecido todos los medios t\u00e9cnicos a su alcance para evitar la p\u00e9rdida, mal uso, alteraci\u00f3n, acceso no autorizado y robo de los datos que el usuario facilite a trav\u00e9s del sitio web.<\/p>\n\n\n\n<p><strong>7.- Derechos de los interesados<\/strong><\/p>\n\n\n\n<p>El usuario podr\u00e1 ejercer sus derechos de acceso, rectificaci\u00f3n, limitaci\u00f3n, supresi\u00f3n, oposici\u00f3n y portabilidad de sus datos personales. En este sentido, podr\u00e1 ejercer estos derechos, previa acreditaci\u00f3n de su identidad mediante fotocopia o escaneo del DNI, dirigi\u00e9ndose a La Fundaci\u00f3n Instituto de Investigaci\u00f3n Ciencias de la Salud Germans Trias i Pujol en Carretera de Can Ruti, cam\u00ed de les Escoles s\/n, 08916 &#8211; Badalona (Barcelona), o bien a la direcci\u00f3n de correo electr\u00f3nico: <a href=\"mailto:dpd@ticsalutsocial.cat\"><a rel=\"noreferrer noopener\" href=\"mailto:dpd@ticsalutsocial.cat\" target=\"_blank\">dpd@ticsalutsocial.cat<\/a><\/a><\/p>\n\n\n\n<p>Tambi\u00e9n tendr\u00e1 el derecho a presentar una reclamaci\u00f3n ante la autoridad de control<\/p>\n\n\n\n<p><strong>8.- Modificaci\u00f3n de la Pol\u00edtica de Privacidad<\/strong><\/p>\n\n\n\n<p>El IGTP se reserva el derecho a modificar la presente Pol\u00edtica de Privacidad para adaptarla a futuras novedades legislativas o jurisprudenciales, as\u00ed como a futuros usos que proyecte realizar de los datos personales de los usuarios del sitio web. En cualquier caso, el IGTP se compromete a informar previamente a los usuarios de los cambios que se produzcan en esta pol\u00edtica. Por eso, se recomienda al usuario que proceda a leer la Pol\u00edtica de Privacidad del sitio web cada vez que acceda.<\/p>\n\n\n\n<p><strong>9.- Integridad de la Pol\u00edtica de Privacidad<\/strong><\/p>\n\n\n\n<p>En el caso de que cualquier cl\u00e1usula de la presente Pol\u00edtica de Privacidad se anulara o se considerara nula, el resto de condiciones no se ver\u00e1n afectadas, conservando plenamente su validez y vigencia.<\/p>\n\n\n\n<h3 class=\"wp-block-heading\">Privacidad<\/h3>\n\n\n\n<p>La primera vez que el usuario acceda a la presente p\u00e1gina Web, el servidor de FUNDACI\u00d3 INSTITUT DE RECERCA EN CI\u00c8NCIAS DE LA SALUT GERMANS TRIAS I PUJOL (IGTP) reenviar\u00e1 a su ordenador un fichero denominado \u00abcookie\u00bb. Una \u00abcookie\u00bb es un peque\u00f1o archivo de texto que el navegador recoge y almacena mientras el usuario navega por la Web. De esta forma, FUNDACI\u00d3 INSTITUT DE RECERCA EN CI\u00c8NCIAS DE LA SALUT GERMANS TRIAS I PUJOL (IGTP) puede conocer determinada informaci\u00f3n acerca de la navegaci\u00f3n del usuario por su p\u00e1gina, permiti\u00e9ndole adaptar la misma a las preferencias del usuario en sus siguientes visitas.<br><br>En caso de que el usuario no desee recibir \u00abcookies\u00bb durante la navegaci\u00f3n, deber\u00e1 desactivar la opci\u00f3n correspondiente de su navegador, de tal forma que impida la instalaci\u00f3n de \u00abcookies\u00bb en su ordenador.<\/p>\n","protected":false},"excerpt":{"rendered":"<p>Fundaci\u00f3 Institut de Investigaci\u00f3 en Ci\u00e8ncies de la Salut Germans Trias i Pujol (IGTP) Condiciones generales de utilizaci\u00f3n Limitaciones de [&hellip;]<\/p>\n","protected":false},"author":1,"featured_media":0,"parent":0,"menu_order":0,"comment_status":"closed","ping_status":"open","template":"","meta":{"_acf_changed":false,"footnotes":""},"class_list":["post-881","page","type-page","status-publish","hentry"],"acf":[],"_links":{"self":[{"href":"https:\/\/www.amicsdecanruti.org\/es\/wp-json\/wp\/v2\/pages\/881","targetHints":{"allow":["GET"]}}],"collection":[{"href":"https:\/\/www.amicsdecanruti.org\/es\/wp-json\/wp\/v2\/pages"}],"about":[{"href":"https:\/\/www.amicsdecanruti.org\/es\/wp-json\/wp\/v2\/types\/page"}],"author":[{"embeddable":true,"href":"https:\/\/www.amicsdecanruti.org\/es\/wp-json\/wp\/v2\/users\/1"}],"replies":[{"embeddable":true,"href":"https:\/\/www.amicsdecanruti.org\/es\/wp-json\/wp\/v2\/comments?post=881"}],"version-history":[{"count":4,"href":"https:\/\/www.amicsdecanruti.org\/es\/wp-json\/wp\/v2\/pages\/881\/revisions"}],"predecessor-version":[{"id":6707,"href":"https:\/\/www.amicsdecanruti.org\/es\/wp-json\/wp\/v2\/pages\/881\/revisions\/6707"}],"wp:attachment":[{"href":"https:\/\/www.amicsdecanruti.org\/es\/wp-json\/wp\/v2\/media?parent=881"}],"curies":[{"name":"wp","href":"https:\/\/api.w.org\/{rel}","templated":true}]}}